{"id":35862,"date":"2017-01-16T20:27:14","date_gmt":"2017-01-16T20:27:14","guid":{"rendered":"http:\/\/www.dsys.cl\/?page_id=35862"},"modified":"2025-04-30T21:08:32","modified_gmt":"2025-04-30T21:08:32","slug":"infrastructure-as-a-service","status":"publish","type":"page","link":"http:\/\/www.dsys.cl\/index.php\/infrastructure-as-a-service\/","title":{"rendered":"Infrastructure as a Service"},"content":{"rendered":"<div class=\"wpb-content-wrapper\"><p>[vc_row type=&#8221;vc_default&#8221; full_width=&#8221;stretch_row_content_no_spaces&#8221; content_placement=&#8221;bottom&#8221; bg_type=&#8221;image&#8221; parallax_style=&#8221;vcpb-default&#8221; bg_image_new=&#8221;id^36029|url^http:\/\/www.dsys.cl\/wp-content\/uploads\/2017\/01\/IAAS.png|caption^null|alt^null|title^IAAS|description^null&#8221; bg_image_repeat=&#8221;no-repeat&#8221; bg_override=&#8221;browser_size&#8221; css=&#8221;.vc_custom_1485434649254{margin-top: -100px !important;}&#8221;][vc_column width=&#8221;1\/2&#8243; css=&#8221;.vc_custom_1485379541633{margin-top: -150px !important;margin-left: 80px !important;}&#8221;]<div class=\"ult-spacer spacer-69f6263ee1949\" data-id=\"69f6263ee1949\" data-height=\"380\" data-height-mobile=\"380\" data-height-tab=\"380\" data-height-tab-portrait=\"\" data-height-mobile-landscape=\"\" style=\"clear:both;display:block;\"><\/div><section class=\"shortcode-action-box table shortcode-action-bg block-style-widget fadeIn animate-element\"><div class=\"text-big\"><h3>Infraestructure As a Service<\/h3>\n<\/div><\/section>[\/vc_column][\/vc_row][vc_row animation=&#8221;fadeIn&#8221; margin_bottom=&#8221;36&#8243;][vc_column css=&#8221;.vc_custom_1485962969536{margin-top: -210px !important;}&#8221;]<div class=\"smile_icon_list_wrap ult_info_list_container ult-adjust-bottom-margin  \"><ul class=\"smile_icon_list top hexagon\"><li class=\"icon_list_item\" style=\" font-size:120px;\"><div class=\"icon_list_icon\" data-animation=\"fadeIn\" data-animation-delay=\"03\" style=\"font-size:40px;background:#b5b5b5;color:#333333;border-color:#b5b5b5;\"><img decoding=\"async\" class=\"list-img-icon\" alt=\"null\" src=\"http:\/\/www.dsys.cl\/wp-content\/uploads\/2017\/01\/System-Information_48px.png\"\/><a class=\"ulimate-info-list-link\" href=\"http:\/\/www.dsys.cl\/index.php\/monitoreo\/\" target=\"_blank\" rel=\"noopener\" ><\/a><\/div><div class=\"icon_description\" id=\"Info-list-wrap-9299\" style=\"font-size:40px;\"><h3 class=\"ult-responsive info-list-heading\"  data-ultimate-target='#Info-list-wrap-9299 h3'  data-responsive-json-new='{\"font-size\":\"desktop:24px;\",\"line-height\":\"desktop:24px;\"}'  style=\"font-family:&#039;Carter One&#039;;color:#2052c9;\">Monitoreo<\/h3><div class=\"icon_description_text ult-responsive\"  data-ultimate-target='#Info-list-wrap-9299 .icon_description_text'  data-responsive-json-new='{\"font-size\":\"desktop:18px;\",\"line-height\":\"desktop:18px;\"}'  style=\"font-family:&#039;Philosopher&#039;;color:#0c0c0c;\"><p style=\"text-align: center;\">Seguir de cerca sus movimientos a nivel empresarial y que todo sea manejado con orden para lograr sus transacciones es un requerimiento muy importante hoy en dia. Es por eso que nos dedicamos a hacer un monitoreo eficaz a la hora que usted lo desee. Vea m\u00e1s apretando el icono.<\/p>\n<\/div><\/div><div class=\"icon_list_connector\" data-animation=\"fadeInLeft\" data-animation-delay=\"03\" style=\"border-top-width: 1px;border-top-style: dashed;border-color: #223ad8;\"><\/div><\/li><li class=\"icon_list_item\" style=\" font-size:120px;\"><div class=\"icon_list_icon\" data-animation=\"fadeIn\" data-animation-delay=\"03\" style=\"font-size:40px;background:#b5b5b5;color:#333333;border-color:#b5b5b5;\"><img decoding=\"async\" class=\"list-img-icon\" alt=\"null\" src=\"http:\/\/www.dsys.cl\/wp-content\/uploads\/2017\/01\/Cloud-Checked_48px.png\"\/><a class=\"ulimate-info-list-link\" href=\"http:\/\/www.dsys.cl\/index.php\/managed-professional-service\/\" target=\"_blank\" rel=\"noopener\" ><\/a><\/div><div class=\"icon_description\" id=\"Info-list-wrap-7102\" style=\"font-size:40px;\"><h3 class=\"ult-responsive info-list-heading\"  data-ultimate-target='#Info-list-wrap-7102 h3'  data-responsive-json-new='{\"font-size\":\"desktop:24px;\",\"line-height\":\"desktop:24px;\"}'  style=\"font-family:&#039;Carter One&#039;;color:#1132d8;\">Managed Professional Service<\/h3><div class=\"icon_description_text ult-responsive\"  data-ultimate-target='#Info-list-wrap-7102 .icon_description_text'  data-responsive-json-new='{\"font-size\":\"desktop:18px;\",\"line-height\":\"desktop:18px;\"}'  style=\"font-family:&#039;Philosopher&#039;;color:#0c0c0c;\"><p style=\"text-align: center;\">Proveemos ayuda profesional para las bases de manejo de responsabilidades y funciones para sus labores empresariales tanto dentro como por fuera de esta para hacer m\u00e9todos estrat\u00e9gicos para improvisar operaciones que ayude en reducir costos de operaci\u00f3n.<\/p>\n<p style=\"text-align: center;\">Ver mas dando click en el icono.<\/p>\n<\/div><\/div><div class=\"icon_list_connector\" data-animation=\"fadeInLeft\" data-animation-delay=\"03\" style=\"border-top-width: 1px;border-top-style: dashed;border-color: #223ad8;\"><\/div><\/li><\/ul><\/div>[\/vc_column][\/vc_row]<\/p>\n<\/div>","protected":false},"excerpt":{"rendered":"<p>[vc_row type=&#8221;vc_default&#8221; full_width=&#8221;stretch_row_content_no_spaces&#8221; content_placement=&#8221;bottom&#8221; bg_type=&#8221;image&#8221; parallax_style=&#8221;vcpb-default&#8221; bg_image_new=&#8221;id^36029|url^http:\/\/www.dsys.cl\/wp-content\/uploads\/2017\/01\/IAAS.png|caption^null|alt^null|title^IAAS|description^null&#8221; bg_image_repeat=&#8221;no-repeat&#8221; bg_override=&#8221;browser_size&#8221; css=&#8221;.vc_custom_1485434649254{margin-top: -100px !important;}&#8221;][vc_column width=&#8221;1\/2&#8243; css=&#8221;.vc_custom_1485379541633{margin-top: -150px !important;margin-left: 80px !important;}&#8221;][\/vc_column][\/vc_row][vc_row animation=&#8221;fadeIn&#8221; margin_bottom=&#8221;36&#8243;][vc_column css=&#8221;.vc_custom_1485962969536{margin-top: -210px !important;}&#8221;][\/vc_column][\/vc_row]<\/p>\n","protected":false},"author":2,"featured_media":0,"parent":0,"menu_order":0,"comment_status":"closed","ping_status":"closed","template":"","meta":{"footnotes":""},"class_list":["post-35862","page","type-page","status-publish","hentry","description-off"],"_links":{"self":[{"href":"http:\/\/www.dsys.cl\/index.php\/wp-json\/wp\/v2\/pages\/35862","targetHints":{"allow":["GET"]}}],"collection":[{"href":"http:\/\/www.dsys.cl\/index.php\/wp-json\/wp\/v2\/pages"}],"about":[{"href":"http:\/\/www.dsys.cl\/index.php\/wp-json\/wp\/v2\/types\/page"}],"author":[{"embeddable":true,"href":"http:\/\/www.dsys.cl\/index.php\/wp-json\/wp\/v2\/users\/2"}],"replies":[{"embeddable":true,"href":"http:\/\/www.dsys.cl\/index.php\/wp-json\/wp\/v2\/comments?post=35862"}],"version-history":[{"count":11,"href":"http:\/\/www.dsys.cl\/index.php\/wp-json\/wp\/v2\/pages\/35862\/revisions"}],"predecessor-version":[{"id":36105,"href":"http:\/\/www.dsys.cl\/index.php\/wp-json\/wp\/v2\/pages\/35862\/revisions\/36105"}],"wp:attachment":[{"href":"http:\/\/www.dsys.cl\/index.php\/wp-json\/wp\/v2\/media?parent=35862"}],"curies":[{"name":"wp","href":"https:\/\/api.w.org\/{rel}","templated":true}]}}